{"id":97,"date":"2022-07-01T07:43:24","date_gmt":"2022-07-01T07:43:24","guid":{"rendered":"https:\/\/www.enrsur.com\/?page_id=97"},"modified":"2022-09-15T12:19:28","modified_gmt":"2022-09-15T12:19:28","slug":"mentions-legales","status":"publish","type":"page","link":"https:\/\/www.enrsur.com\/en\/mentions-legales\/","title":{"rendered":"Legal Notice"},"content":{"rendered":"\n<div class=\"wp-block-columns is-layout-flex wp-container-core-columns-is-layout-9d6595d7 wp-block-columns-is-layout-flex\">\n<div class=\"wp-block-column is-layout-flow wp-block-column-is-layout-flow\">\n<h2 class=\"wp-block-heading\">Editeur du site<\/h2>\n\n\n\n<p><strong>Propri\u00e9taire du site :\u00a0<br><\/strong>ENRSUR\u00a0&#8211; Guilhem De Saint Andr\u00e9<br>guilhem.desaintandre[a]enrsur.com\u00a0<\/p>\n\n\n\n<p><strong>Identification de l&rsquo;entreprise :<\/strong>\u00a0<br>ENRSUR\u00a0SAS\u00a0au capital social de\u00a051 000\u20ac<br>SIREN :\u00a0804735777\u00a0<br>RCS ou RM :\u00a0Paris B 804 735 777\u00a0<\/p>\n\n\n\n<p>Adresse postale :&nbsp;22 RUE DE PALESTRO 75002 PARIS&nbsp;<\/p>\n\n\n\n<p>La soci\u00e9t\u00e9 ENRSUR est immatricul\u00e9e \u00e0 l\u2019ORIAS sous le num\u00e9ro 14006563 \u2013 1 rue Jules Lefevbre 75331 Paris Cedex 9 \u2013 <a href=\"http:\/\/www.orias.fr\">www.orias.fr<\/a><\/p>\n\n\n\n<p>La soci\u00e9t\u00e9 ENRSUR est, \u00e9galement soumise, dans le cadre de son activit\u00e9, au contr\u00f4le de l\u2019ACPR (Autorit\u00e9 de Contr\u00f4le Prudentiel et de R\u00e9solution) dont le si\u00e8ge est situ\u00e9 4 Place de Budapest \u2013 CS 92459 \u2013 75436 Paris Cedex 9.<\/p>\n\n\n\n<p><strong>Directeur de la publication :&nbsp;<\/strong><br>Guilhem DE SAINT ANDRE&nbsp;<br>guilhem.desaintandre@enrsur.com<\/p>\n\n\n\n<p><strong><br>H\u00e9bergeur :<\/strong>&nbsp;<br>O2Switch<br>222 Boulevard Gustave Flaubert<br>63000 Clermont-Ferrand<br>T\u00e9l\u00e9phone : 04 44 44 60 40<\/p>\n\n\n\n<p><strong><br>D\u00e9l\u00e9gu\u00e9 \u00e0 la protection des donn\u00e9es :&nbsp;<\/strong><br>Guilhem de SAINT ANDRE&nbsp;<br><a href=\"mailto:guilhem@enrsur.fr\">guilhem.desaintandre@enrsur.com<\/a><\/p>\n\n\n\n<div style=\"height:50px\" aria-hidden=\"true\" class=\"wp-block-spacer\"><\/div>\n\n\n\n<h2 class=\"wp-block-heading\">Propri\u00e9t\u00e9 intellectuelle et contrefa\u00e7ons.<\/h2>\n\n\n\n<p><strong>ENRSUR<\/strong>&nbsp;est propri\u00e9taire des droits de propri\u00e9t\u00e9 intellectuelle et d\u00e9tient les droits d\u2019usage sur tous les \u00e9l\u00e9ments accessibles sur le site internet, notamment les textes, images, graphismes, logos, vid\u00e9os, architecture, ic\u00f4nes et sons.<\/p>\n\n\n\n<p>Toute reproduction, repr\u00e9sentation, modification, publication, adaptation de tout ou partie des \u00e9l\u00e9ments du site, quel que soit le moyen ou le proc\u00e9d\u00e9 utilis\u00e9, est interdite, sauf autorisation \u00e9crite par<strong> ENRSUR<\/strong>.<br><br>Toute exploitation non autoris\u00e9e du site ou de l\u2019un quelconque des \u00e9l\u00e9ments qu\u2019il contient sera consid\u00e9r\u00e9e comme constitutive d\u2019une contrefa\u00e7on et poursuivie conform\u00e9ment aux dispositions des articles&nbsp;<a href=\"https:\/\/www.legifrance.gouv.fr\/affichCodeArticle.do?idArticle=LEGIARTI000032655082&amp;cidTexte=LEGITEXT000006069414&amp;dateTexte=20160605\" target=\"_blank\" rel=\"noreferrer noopener\">L.335-2 et suivants du Code de Propri\u00e9t\u00e9 Intellectuelle<\/a><\/p>\n\n\n\n<div style=\"height:50px\" aria-hidden=\"true\" class=\"wp-block-spacer\"><\/div>\n\n\n\n<h2 class=\"wp-block-heading\">Limitations de responsabilit\u00e9.<\/h2>\n\n\n\n<p><strong>ENRSUR<\/strong>\u00a0ne pourra \u00eatre tenue pour responsable des dommages directs et indirects caus\u00e9s au mat\u00e9riel de l\u2019utilisateur, lors de l\u2019acc\u00e8s au site\u00a0<strong>www.enrsur.com<\/strong>.<\/p>\n\n\n\n<p><strong>ENRSUR<\/strong>&nbsp;d\u00e9cline toute responsabilit\u00e9 quant \u00e0 l\u2019utilisation qui pourrait \u00eatre faite des informations et contenus pr\u00e9sents sur<strong> <\/strong>www.enrsur.com.<br><br><strong>ENRSUR<\/strong>&nbsp;s\u2019engage \u00e0 s\u00e9curiser au mieux le site&nbsp;www.enrsur.com, cependant sa responsabilit\u00e9 ne pourra \u00eatre mise en cause si des donn\u00e9es ind\u00e9sirables sont import\u00e9es et install\u00e9es sur son site \u00e0 son insu.<br><br>Des espaces interactifs n\u00e9cessitant une connexion sont \u00e0 la disposition des clients. <strong>ENRSUR<\/strong>&nbsp;se r\u00e9serve le droit de supprimer, sans mise en demeure pr\u00e9alable, tout contenu d\u00e9pos\u00e9 dans cet espace qui contreviendrait \u00e0 la l\u00e9gislation applicable en France, en particulier aux dispositions relatives \u00e0 la protection des donn\u00e9es. Le cas \u00e9ch\u00e9ant,&nbsp;<strong>ENRSUR<\/strong>&nbsp;se r\u00e9serve \u00e9galement la possibilit\u00e9 de mettre en cause la responsabilit\u00e9 civile et\/ou p\u00e9nale de l\u2019utilisateur, notamment en cas de message \u00e0 caract\u00e8re raciste, injurieux, diffamant, ou pornographique, quel que soit le support utilis\u00e9 (texte, photographie \u2026).<\/p>\n\n\n\n<div style=\"height:50px\" aria-hidden=\"true\" class=\"wp-block-spacer\"><\/div>\n\n\n\n<h2 class=\"wp-block-heading\">CNIL et gestion des donn\u00e9es personnelles.<\/h2>\n\n\n\n<p>Conform\u00e9ment aux dispositions de\u00a0<a rel=\"noreferrer noopener\" href=\"https:\/\/www.legifrance.gouv.fr\/affichTexte.do?cidTexte=JORFTEXT000000886460\" target=\"_blank\">la loi 78-17 du 6 janvier 1978 modifi\u00e9e<\/a>, l\u2019utilisateur du site\u00a0www.enrsur.com\u00a0dispose d\u2019un droit d\u2019acc\u00e8s, de modification et de suppression des informations collect\u00e9es. Pour exercer ce droit, envoyez un message \u00e0 notre D\u00e9l\u00e9gu\u00e9 \u00e0 la Protection des Donn\u00e9es :\u00a0Guilhem DE SAINT ANDRE\u00a0&#8211;\u00a0guilhem.desaintandre[a]enrsur.com.<\/p>\n\n\n\n<p>Pour plus d&rsquo;informations sur la fa\u00e7on dont nous traitons vos donn\u00e9es (type de donn\u00e9es, finalit\u00e9, destinataire&#8230;), lisez notre<strong> <\/strong>www.enrsur.com\/legal-notice-rgpd.&nbsp;<\/p>\n\n\n\n<div style=\"height:50px\" aria-hidden=\"true\" class=\"wp-block-spacer\"><\/div>\n\n\n\n<h2 class=\"wp-block-heading\">Liens hypertextes et cookies<\/h2>\n\n\n\n<p>Le site&nbsp;<strong>www.enrsur.com<\/strong>&nbsp;contient des liens hypertextes vers d\u2019autres sites et d\u00e9gage toute responsabilit\u00e9 \u00e0 propos de ces liens externes ou des liens cr\u00e9\u00e9s par d\u2019autres sites vers<strong> www.enrsur.com<\/strong>.<\/p>\n\n\n\n<p>La navigation sur le site<strong> www.enrsur.com<\/strong>&nbsp;est susceptible de provoquer l\u2019installation de cookie(s) sur l\u2019ordinateur de l\u2019utilisateur.<\/p>\n\n\n\n<p>Un \u00ab\u00a0cookie\u00a0\u00bb est un fichier de petite taille qui enregistre des informations relatives \u00e0 la navigation d\u2019un utilisateur sur un site. Les donn\u00e9es ainsi obtenues permettent d&rsquo;obtenir des mesures de fr\u00e9quentation, par exemple.<\/p>\n\n\n\n<p>Vous avez la possibilit\u00e9&nbsp;<strong>d\u2019accepter ou de refuser les cookies<\/strong>&nbsp;en modifiant les param\u00e8tres de votre navigateur. Aucun cookie ne sera d\u00e9pos\u00e9 sans votre consentement.<\/p>\n\n\n\n<p>Les cookies sont enregistr\u00e9s pour une dur\u00e9e maximale de&nbsp;2&nbsp;mois.<\/p>\n\n\n\n<p>Pour plus d&rsquo;informations sur la fa\u00e7on dont nous faisons usage des cookies, lisez notre<strong> <\/strong>www.enrsur.com\/legal-notice-rgpd.&nbsp;<\/p>\n\n\n\n<div style=\"height:50px\" aria-hidden=\"true\" class=\"wp-block-spacer\"><\/div>\n\n\n\n<h2 class=\"wp-block-heading\">Gestion des r\u00e9clamations<\/h2>\n\n\n\n<p>Pour toute r\u00e9clamation, vous pouvez nous envoyer un e-mail \u00e0 l\u2019adresse suivante\u00a0:\u00a0<a href=\"mailto:claims@enrsur.com\">claims@enrsur.com<\/a>.\u00a0<\/p>\n\n\n\n<p>Une r\u00e9clamation est l\u2019expression d\u2019un m\u00e9contentement envers un professionnel quel que soit l\u2019interlocuteur ou le service aupr\u00e8s duquel elle est formul\u00e9e. Elle peut \u00e9maner de toute personne, ayant ou n\u2019ayant pas de lien contractuel : clients, anciens clients, prospects\u2026).<\/p>\n\n\n\n<p>Nous nous engageons \u00e0 accuser r\u00e9ception de toute r\u00e9clamation dans un d\u00e9lai de dix jours ouvrables et d\u2019y r\u00e9pondre et\/ou de vous tenir inform\u00e9 du traitement de cette derni\u00e8re dans les deux mois \u00e0 compter de la r\u00e9ception de la r\u00e9clamation.<\/p>\n\n\n\n<div style=\"height:50px\" aria-hidden=\"true\" class=\"wp-block-spacer\"><\/div>\n\n\n\n<h2 class=\"wp-block-heading\">M\u00e9diation<\/h2>\n\n\n\n<p>En application de l&rsquo;article L 156-1 du Code de la consommation, le M\u00e9diateur de l&rsquo;Assurance est comp\u00e9tent pour intervenir sur tout litige n&rsquo;ayant pu \u00eatre r\u00e9gl\u00e9 dans le cadre d&rsquo;une r\u00e9clamation pr\u00e9alable directement introduite aupr\u00e8s des services de votre courtier. Il peut \u00eatre saisi par l&rsquo;un des moyens suivants :<\/p>\n\n\n\n<p>Adresse postale : La M\u00e9diation de l&rsquo;Assurance &#8211; P\u00f4le CSCA &#8211; TSA 50110 &#8211; 75441 Paris Cedex 09<\/p>\n\n\n\n<p>Adresse mail :\u00a0<a href=\"mailto:le.mediateur@mediation-assurance.org\">le.mediateur@mediation-assurance.org<\/a><\/p>\n\n\n\n<p>Adresse du site internet :\u00a0<a rel=\"noreferrer noopener\" href=\"http:\/\/www.mediation-assurance.org\" target=\"_blank\">www.mediation-assurance.org<\/a><\/p>\n\n\n\n<div style=\"height:50px\" aria-hidden=\"true\" class=\"wp-block-spacer\"><\/div>\n\n\n\n<h2 class=\"wp-block-heading\">Droit applicable et attribution de juridiction<\/h2>\n\n\n\n<p>Tout litige en relation avec l\u2019utilisation du site<strong> www.enrsur.com<\/strong>&nbsp;est soumis au droit fran\u00e7ais. En dehors des cas o\u00f9 la loi ne le permet pas, il est fait attribution exclusive de juridiction aux tribunaux comp\u00e9tents de&nbsp;<strong>Paris<\/strong>.<\/p>\n<\/div>\n<\/div>\n","protected":false},"excerpt":{"rendered":"<p>The purpose of this page is to provide information on ENRSUR, its organisation, and services.<\/p>","protected":false},"author":1,"featured_media":0,"parent":0,"menu_order":0,"comment_status":"closed","ping_status":"closed","template":"","meta":{"_acf_changed":false,"footnotes":""},"class_list":["post-97","page","type-page","status-publish","hentry"],"acf":[],"_links":{"self":[{"href":"https:\/\/www.enrsur.com\/en\/wp-json\/wp\/v2\/pages\/97","targetHints":{"allow":["GET"]}}],"collection":[{"href":"https:\/\/www.enrsur.com\/en\/wp-json\/wp\/v2\/pages"}],"about":[{"href":"https:\/\/www.enrsur.com\/en\/wp-json\/wp\/v2\/types\/page"}],"author":[{"embeddable":true,"href":"https:\/\/www.enrsur.com\/en\/wp-json\/wp\/v2\/users\/1"}],"replies":[{"embeddable":true,"href":"https:\/\/www.enrsur.com\/en\/wp-json\/wp\/v2\/comments?post=97"}],"version-history":[{"count":7,"href":"https:\/\/www.enrsur.com\/en\/wp-json\/wp\/v2\/pages\/97\/revisions"}],"predecessor-version":[{"id":329,"href":"https:\/\/www.enrsur.com\/en\/wp-json\/wp\/v2\/pages\/97\/revisions\/329"}],"wp:attachment":[{"href":"https:\/\/www.enrsur.com\/en\/wp-json\/wp\/v2\/media?parent=97"}],"curies":[{"name":"wp","href":"https:\/\/api.w.org\/{rel}","templated":true}]}}