{"id":3,"date":"2022-05-19T14:23:08","date_gmt":"2022-05-19T14:23:08","guid":{"rendered":"https:\/\/www.enrsur.com\/?page_id=3"},"modified":"2022-09-15T12:20:39","modified_gmt":"2022-09-15T12:20:39","slug":"privacy-policy","status":"publish","type":"page","link":"https:\/\/www.enrsur.com\/en\/privacy-policy\/","title":{"rendered":"GDPR"},"content":{"rendered":"<div class=\"wp-block-columns is-layout-flex wp-container-core-columns-is-layout-9d6595d7 wp-block-columns-is-layout-flex\">\n<div class=\"wp-block-column is-layout-flow wp-block-column-is-layout-flow\">\n<p>ENRSUR est soucieuce de la protection des donn\u00e9es personnelles. Nous nous engageons \u00e0 assurer le meilleur niveau de protection de vos donn\u00e9es personnelles en conformit\u00e9 avec la loi Informatique et Libert\u00e9s.<\/p>\n\n\n\n<p>For any information on the protection of personal data, you can also consult the site of the Commission Informatique et Libert\u00e9 <a href=\"http:\/\/www.cnil.fr\/\">www.cnil.fr<\/a><\/p>\n\n\n\n<div style=\"height:60px\" aria-hidden=\"true\" class=\"wp-block-spacer\"><\/div>\n\n\n\n<h3 class=\"wp-block-heading\"><strong>Identity of the data controller:<\/strong><\/h3>\n\n\n\n<p>Personal data are collected by:<\/p>\n\n\n\n<p>ENRSUR, SASU with a capital of 51 000\u20ac whose head office is located 22 RUE DE PALESTRO 75002 PARIS&nbsp;<\/p>\n\n\n\n<div style=\"height:60px\" aria-hidden=\"true\" class=\"wp-block-spacer\"><\/div>\n\n\n\n<h3 class=\"wp-block-heading\"><strong>Purpose - use of your data<\/strong><\/h3>\n\n\n\n<h4 class=\"wp-block-heading\">Commercial relationship<\/h4>\n\n\n\n<p>The information and data concerning you are necessary for our commercial relations. This information and data is also kept for security purposes, in order to comply with legal and regulatory obligations.<\/p>\n\n\n\n<h4 class=\"wp-block-heading\">Customization of our services<\/h4>\n\n\n\n<p>The information and data about you allow us to improve and personalize the services we offer you and the information we send you.<\/p>\n\n\n\n<h4 class=\"wp-block-heading\">Information and newsletters <\/h4>\n\n\n\n<p>In order to keep you informed of our news and the advantages you can benefit from, you can receive offers from our company by email. If you do not wish to receive offers and information from ENRSUR, you can refuse to receive them by indicating this when you receive a newsletter.<\/p>\n\n\n\n<p>The information and data you provide on this site are exclusively intended for ENRSUR for the purposes of personalizing the services and information we send you.<\/p>\n\n\n\n<h4 class=\"wp-block-heading\">Fight against Fraud<\/h4>\n\n\n\n<p>The company ENRSUR controls all the orders that have been validated on its site.<\/p>\n\n\n\n<p>En outre, conform\u00e9ment \u00e0 la loi informatique et libert\u00e9s du 6 janvier 1978, vous disposez des droits d\u2019acc\u00e8s, de rectification, de suppression et d\u2019opposition de vos donn\u00e9es. Conform\u00e9ment \u00e0 la r\u00e9glementation en vigueur, votre demande doit \u00eatre sign\u00e9e et accompagn\u00e9e de la photocopie d\u2019un titre d\u2019identit\u00e9 portant votre signature et pr\u00e9ciser l\u2019adresse \u00e0 laquelle doit vous parvenir la r\u00e9ponse. Pour exercer vos droits en ce qui concerne la lutte contre la fraude, il vous suffit de vous adresser \u00e0 ENRSUR par voie \u00e9lectronique au support (welcome@enrsur.com) ou par courrier \u00e0, ENRSUR \u2013 22 rue de Palestro \u2013 75002 Paris, en nous indiquant vos nom, pr\u00e9nom, e-mail et adresse.<\/p>\n\n\n\n<div style=\"height:60px\" aria-hidden=\"true\" class=\"wp-block-spacer\"><\/div>\n\n\n\n<h3 class=\"wp-block-heading\"><strong>The Data collected on our site<\/strong><\/h3>\n\n\n\n<h4 class=\"wp-block-heading\">What data?<\/h4>\n\n\n\n<p>In particular, we collect and process your first and last names, address, email address, telephone number and company that you have entered on the enrsur.com website.<\/p>\n\n\n\n<p>The compulsory or optional nature of the data is indicated at the time of collection by an asterisk. We also measure the number of pages viewed, the number of visits to the site, as well as the activity of visitors on the site and the frequency of their return.<\/p>\n\n\n\n<h4 class=\"wp-block-heading\">When?<\/h4>\n\n\n\n<p>We collect the information you provide to us when:<\/p>\n\n\n\n<ul class=\"wp-block-list\"><li>you fill in a contact form or a callback request<\/li><li>you browse our site<\/li><li>vous contactez notre service client\/support<\/li><\/ul>\n\n\n\n<h4 class=\"wp-block-heading\">Recipients of the data<\/h4>\n\n\n\n<p>The data collected on the enrsur.com site are exclusively intended for the company ENRSUR.<\/p>\n\n\n\n<div style=\"height:60px\" aria-hidden=\"true\" class=\"wp-block-spacer\"><\/div>\n\n\n\n<h3 class=\"wp-block-heading\"><strong>Your rights under the Data Protection Act<\/strong><\/h3>\n\n\n\n<p>In accordance with the French Data Protection Act of January 6, 1978, as amended by the Act of August 6, 2004, you have the right to access, rectify and oppose any personal data concerning you. You just have to contact ENRSUR by e-mail at contact@enrsur.com or by mail at ENRSUR - 22 rue de Palestro - 75002 Paris, indicating your name, first name, e-mail and address. In accordance with the regulations in force, your request must be signed and accompanied by a photocopy of an identity document bearing your signature and specify the address to which the reply should be sent. A reply will be sent to you within 2 months of receipt of the request.<\/p>\n\n\n\n<div style=\"height:60px\" aria-hidden=\"true\" class=\"wp-block-spacer\"><\/div>\n\n\n\n<h3 class=\"wp-block-heading\"><strong>Google Analytics<\/strong><\/h3>\n\n\n\n<p>ENRSUR uses Google Analytics to measure the audience of its sites.<\/p>\n\n\n\n<p>Learn more about the Google Analytics privacy and cookie policy, <a href=\"https:\/\/developers.google.com\/analytics\/devguides\/collection\/analyticsjs\/cookie-usage\">click here<\/a><\/p>\n\n\n\n<p>For more information about how Google uses these advertising cookies, see the <a href=\"https:\/\/www.google.com\/intl\/fr\/policies\/privacy\/partners\/\">Google Advertising Privacy FAQs<\/a><\/p>\n\n\n\n<p>To manage your cookie settings and disable these features, go to <a href=\"https:\/\/www.google.com\/settings\/u\/0\/ads\/\">Ad settings<\/a><\/p>\n<\/div>\n<\/div>","protected":false},"excerpt":{"rendered":"<p>ENRSUR est soucieux de la protection des donn\u00e9es personnelles.<\/p>","protected":false},"author":1,"featured_media":0,"parent":0,"menu_order":0,"comment_status":"closed","ping_status":"closed","template":"page.php","meta":{"_acf_changed":false,"footnotes":""},"class_list":["post-3","page","type-page","status-publish","hentry"],"acf":[],"_links":{"self":[{"href":"https:\/\/www.enrsur.com\/en\/wp-json\/wp\/v2\/pages\/3","targetHints":{"allow":["GET"]}}],"collection":[{"href":"https:\/\/www.enrsur.com\/en\/wp-json\/wp\/v2\/pages"}],"about":[{"href":"https:\/\/www.enrsur.com\/en\/wp-json\/wp\/v2\/types\/page"}],"author":[{"embeddable":true,"href":"https:\/\/www.enrsur.com\/en\/wp-json\/wp\/v2\/users\/1"}],"replies":[{"embeddable":true,"href":"https:\/\/www.enrsur.com\/en\/wp-json\/wp\/v2\/comments?post=3"}],"version-history":[{"count":7,"href":"https:\/\/www.enrsur.com\/en\/wp-json\/wp\/v2\/pages\/3\/revisions"}],"predecessor-version":[{"id":331,"href":"https:\/\/www.enrsur.com\/en\/wp-json\/wp\/v2\/pages\/3\/revisions\/331"}],"wp:attachment":[{"href":"https:\/\/www.enrsur.com\/en\/wp-json\/wp\/v2\/media?parent=3"}],"curies":[{"name":"wp","href":"https:\/\/api.w.org\/{rel}","templated":true}]}}