{"id":248,"date":"2022-07-04T20:48:49","date_gmt":"2022-07-04T20:48:49","guid":{"rendered":"https:\/\/www.enrsur.com\/?page_id=248"},"modified":"2022-09-21T21:07:49","modified_gmt":"2022-09-21T21:07:49","slug":"produits-dassurance","status":"publish","type":"page","link":"https:\/\/www.enrsur.com\/en\/produits-dassurance\/","title":{"rendered":"Our products"},"content":{"rendered":"<div class=\"wp-block-columns is-layout-flex wp-container-core-columns-is-layout-9d6595d7 wp-block-columns-is-layout-flex\">\n<div class=\"wp-block-column is-layout-flow wp-block-column-is-layout-flow\">\n<h2 class=\"wp-block-heading\">Produits d\u2019assurances distribu\u00e9s<\/h2>\n\n\n\n<p>Les produits vendus par ENRSUR sont des contrats d\u2019assurances qui r\u00e9pondent \u00e0 la fois&nbsp;:<\/p>\n\n\n\n<ul class=\"wp-block-list\"><li>A des obligations l\u00e9gales ou contractuelles<\/li><li>A des besoins pour prot\u00e9ger le business plan des installations<\/li><li>A des besoins pour prot\u00e9ger financi\u00e8rement les entreprises contre les risques de nature \u00e0 affecter leur d\u00e9veloppement ou leur existence.<\/li><\/ul>\n<\/div>\n<\/div>\n\n\n\n<div style=\"height:40px\" aria-hidden=\"true\" class=\"wp-block-spacer\"><\/div>\n\n\n\n<div class=\"wp-block-columns is-layout-flex wp-container-core-columns-is-layout-9d6595d7 wp-block-columns-is-layout-flex\">\n<div class=\"wp-block-column is-layout-flow wp-block-column-is-layout-flow\">\n<h2 class=\"wp-block-heading\">Construction<\/h2>\n\n\n\n<h4 class=\"wp-block-heading\">Tous Risques de Recours Autorisations administratives<\/h4>\n\n\n\n<p>Cette couverture d\u2019assurance <strong>permet le financement de projets d\u2019installation renouvelables d\u00fbment autoris\u00e9es<\/strong>, <strong>mais dont les recours sur les autorisations administratives emp\u00eachent leur financement<\/strong> et donc leur construction. Les garanties d\u2019assurance prennent en charge les cons\u00e9quences financi\u00e8res, pour les investisseurs et pr\u00eateurs, de d\u00e9cisions de justice d\u00e9favorables (annulation, suspension, modification des autorisations) pour leur permettre de financer sereinement les projets.<\/p>\n<\/div>\n<\/div>\n\n\n\n<div class=\"wp-block-columns is-layout-flex wp-container-core-columns-is-layout-9d6595d7 wp-block-columns-is-layout-flex\">\n<div class=\"wp-block-column is-layout-flow wp-block-column-is-layout-flow\">\n<h4 class=\"wp-block-heading\">Marchandises Transport\u00e9es<\/h4>\n\n\n\n<p>L\u2019assurance marchandises transport\u00e9e couvre <strong>pendant le transport<\/strong> et les p\u00e9riodes de stockage temporaire <strong>les dommages subis par les biens<\/strong> destin\u00e9es au chantier, \u00e9ventuellement les pertes financi\u00e8res r\u00e9sultant du retard caus\u00e9 au chantier en raison d\u2019un sinistre.<\/p>\n<\/div>\n<\/div>\n\n\n\n<div class=\"wp-block-columns is-layout-flex wp-container-core-columns-is-layout-9d6595d7 wp-block-columns-is-layout-flex\">\n<div class=\"wp-block-column is-layout-flow wp-block-column-is-layout-flow\">\n<h4 class=\"wp-block-heading\">Tous Risques Chantier<\/h4>\n\n\n\n<p>Cette garantie couvre pendant la dur\u00e9e des travaux, <strong>tous les dommages accidentels survenant \u00e0 l\u2019ouvrage et aux mat\u00e9riaux sur chantier<\/strong> \u00e0 concurrence du montant des travaux et honoraires. Elle peut couvrir \u00e9galement le montant des pertes financi\u00e8res subies par le ma\u00eetre d\u2019ouvrage du fait de retards dans le d\u00e9but de l\u2019exploitation commerciale.<\/p>\n<\/div>\n<\/div>\n\n\n\n<div class=\"wp-block-columns is-layout-flex wp-container-core-columns-is-layout-9d6595d7 wp-block-columns-is-layout-flex\">\n<div class=\"wp-block-column is-layout-flow wp-block-column-is-layout-flow\">\n<h4 class=\"wp-block-heading\">RC du ma\u00eetrise d\u2019ouvrage<\/h4>\n\n\n\n<p>L\u2019assurance Responsabilit\u00e9 Civile du Ma\u00eetre d\u2019Ouvrage (la soci\u00e9t\u00e9 de projet) <strong>couvre les cons\u00e9quences financi\u00e8res de la responsabilit\u00e9 civile<\/strong> pouvant incomber \u00e0 la soci\u00e9t\u00e9 de projet pour les dommages corporels, mat\u00e9riels et immat\u00e9riels cons\u00e9cutifs, pouvant \u00eatre caus\u00e9s aux tiers, du fait de la r\u00e9alisation du chantier (recours des voisins, dommages corporels subis par des personnes sur le chantier, \u2026)<\/p>\n<\/div>\n<\/div>\n\n\n\n<div style=\"height:40px\" aria-hidden=\"true\" class=\"wp-block-spacer\"><\/div>\n\n\n\n<div class=\"wp-block-columns is-layout-flex wp-container-core-columns-is-layout-9d6595d7 wp-block-columns-is-layout-flex\">\n<div class=\"wp-block-column is-layout-flow wp-block-column-is-layout-flow\">\n<h2 class=\"wp-block-heading\">Operation<\/h2>\n\n\n\n<h4 class=\"wp-block-heading\">Dommages-Ouvrage<\/h4>\n\n\n\n<p>L\u2019assurance Dommages-Ouvragecouvre, <strong>en dehors de toute recherche de responsabilit\u00e9<\/strong>, pendant 10 ans apr\u00e8s la r\u00e9ception, <strong>le remboursement de la r\u00e9paration des dommages de nature d\u00e9cennale<\/strong> qui affectent les ouvrages (solidit\u00e9, impropri\u00e9t\u00e9 \u00e0 sa destination).<\/p>\n<\/div>\n<\/div>\n\n\n\n<div class=\"wp-block-columns is-layout-flex wp-container-core-columns-is-layout-9d6595d7 wp-block-columns-is-layout-flex\">\n<div class=\"wp-block-column is-layout-flow wp-block-column-is-layout-flow\">\n<h4 class=\"wp-block-heading\">Tous Risques Exploitation<\/h4>\n\n\n\n<p>Cette garantie couvre les <strong>dommages atteignant les biens assur\u00e9s<\/strong>, r\u00e9sultant d\u2019\u00e9v\u00e9nements accidentels tels que bris de machine, catastrophes ou \u00e9v\u00e8nements naturels, incendie et\/ou explosion. Elles couvrent \u00e9galement <strong>les pertes de chiffes d\u2019affaire ou de marge brute <\/strong>qui sont la cons\u00e9quence du sinistre.<\/p>\n<\/div>\n<\/div>\n\n\n\n<div class=\"wp-block-columns is-layout-flex wp-container-core-columns-is-layout-9d6595d7 wp-block-columns-is-layout-flex\">\n<div class=\"wp-block-column is-layout-flow wp-block-column-is-layout-flow\">\n<h4 class=\"wp-block-heading\">Operating liability<\/h4>\n\n\n\n<p>L\u2019assurance Responsabilit\u00e9 Civile Exploitation couvre <strong>les cons\u00e9quences financi\u00e8res de la responsabilit\u00e9 civile <\/strong>pouvant incomber \u00e0 la soci\u00e9t\u00e9 de projet pour les dommages corporels, mat\u00e9riels ou financiers, pouvant \u00eatre caus\u00e9s aux tiers du fait de l\u2019exploitation de l\u2019installation.<\/p>\n<\/div>\n<\/div>\n\n\n\n<div class=\"wp-block-columns is-layout-flex wp-container-core-columns-is-layout-9d6595d7 wp-block-columns-is-layout-flex\">\n<div class=\"wp-block-column is-layout-flow wp-block-column-is-layout-flow\">\n<h4 class=\"wp-block-heading\">Environmental liability<\/h4>\n\n\n\n<p>L\u2019assurance <strong>Environmental Liability<\/strong> garantit la soci\u00e9t\u00e9 de projets contre les cons\u00e9quences financi\u00e8res de sa responsabilit\u00e9 environnementale vis-\u00e0-vis des tiers mais \u00e9galement de l\u2019environnement pour un pr\u00e9judice \u00e9cologique caus\u00e9 par l\u2019installation.<\/p>\n<\/div>\n<\/div>\n\n\n\n<div class=\"wp-block-columns is-layout-flex wp-container-core-columns-is-layout-9d6595d7 wp-block-columns-is-layout-flex\">\n<div class=\"wp-block-column is-layout-flow wp-block-column-is-layout-flow\">\n<h4 class=\"wp-block-heading\">Dismantling Bonds<\/h4>\n\n\n\n<p>Enfin nous pouvons mettre en place des <strong>garanties financi\u00e8res <\/strong>au b\u00e9n\u00e9fices de la soci\u00e9t\u00e9 de projet pour le <strong>d\u00e9mant\u00e8lement<\/strong> de l\u2019installation lorsque cela est requis par la loi ou par convention.<\/p>\n<\/div>\n<\/div>\n\n\n\n<div style=\"height:40px\" aria-hidden=\"true\" class=\"wp-block-spacer\"><\/div>\n\n\n\n<div class=\"wp-block-columns is-layout-flex wp-container-core-columns-is-layout-9d6595d7 wp-block-columns-is-layout-flex\">\n<div class=\"wp-block-column is-layout-flow wp-block-column-is-layout-flow\">\n<h2 class=\"wp-block-heading\"><strong>Manufacturers and maintenance or operating companies<\/strong><\/h2>\n\n\n\n<p>Au-del\u00e0 de garantir les risques de responsabilit\u00e9 civile notre offre s\u2019\u00e9tend \u00e0 des besoins plus confidentiels mais qui, dans certains contextes, peuvent avoir un int\u00e9r\u00eat significatif.<\/p>\n\n\n\n<h4 class=\"wp-block-heading\">RC professionnelle<\/h4>\n\n\n\n<p>Ce contrat constitue la base de la couverture requise pour les entreprises. Elle couvre les cons\u00e9quences financi\u00e8res de la responsabilit\u00e9 civile pouvant leur <strong>incomber les dommages corporels, mat\u00e9riels et financiers ou r\u00e9sultant d\u2019erreur, de n\u00e9gligence ou de faute<\/strong> dans l\u2019ex\u00e9cution de leur prestation.<\/p>\n\n\n\n<h4 class=\"wp-block-heading\">RC d\u00e9cennale<\/h4>\n\n\n\n<p>L\u2019assurance Responsabilit\u00e9 Civile D\u00e9cennale<strong> couvre la responsabilit\u00e9 des constructeurs \u00e0 l\u2019\u00e9gard des ma\u00eetres d\u2019ouvrage<\/strong> (les soci\u00e9t\u00e9s de projet) pendant dix ans \u00e0 compter de la r\u00e9ception des travaux, contre les vices et malfa\u00e7ons qui :<\/p>\n\n\n\n<ul class=\"wp-block-list\"><li>Compromettent la <strong>solidit\u00e9<\/strong> de l&rsquo;ouvrage ;<br><\/li><li>Affectent l&rsquo;un de ses \u00e9l\u00e9ments constitutifs (ouvrages de viabilit\u00e9, de fondation, d&rsquo;ossature, de clos et de couvert) ou d&rsquo;\u00e9quipement rendant l\u2019ouvrage <strong>impropre \u00e0 sa destination<\/strong> ;<\/li><\/ul>\n<\/div>\n<\/div>\n\n\n\n<div class=\"wp-block-columns is-layout-flex wp-container-core-columns-is-layout-9d6595d7 wp-block-columns-is-layout-flex\">\n<div class=\"wp-block-column is-layout-flow wp-block-column-is-layout-flow\">\n<h4 class=\"wp-block-heading\">Property All Risks Insurance<\/h4>\n\n\n\n<p>Couvre les <strong>biens de l\u2019entreprise endommag\u00e9s ou d\u00e9truits<\/strong> \u00e0 l\u2019occasion d\u2019un \u00e9v\u00e8nement accidentel ainsi que les frais suppl\u00e9mentaires ou les pertes d\u2019exploitation qui en r\u00e9sultent.<\/p>\n<\/div>\n<\/div>\n\n\n\n<div class=\"wp-block-columns is-layout-flex wp-container-core-columns-is-layout-9d6595d7 wp-block-columns-is-layout-flex\">\n<div class=\"wp-block-column is-layout-flow wp-block-column-is-layout-flow\">\n<h4 class=\"wp-block-heading\">RC des Dirigeants ou Mandataires sociaux<\/h4>\n\n\n\n<p>L\u2019assurance Responsabilit\u00e9 Civile des Dirigeants ou Mandataires Sociaux<strong> couvre les dirigeants de droit et\/ou fait de de l\u2019entreprise<\/strong>, qui peuvent voir engager leur patrimoine priv\u00e9 en cas de mise en cause personnelle dans l\u2019exercice ou \u00e0 l\u2019occasion de leur fonction.<\/p>\n<\/div>\n<\/div>\n\n\n\n<div class=\"wp-block-columns is-layout-flex wp-container-core-columns-is-layout-9d6595d7 wp-block-columns-is-layout-flex\">\n<div class=\"wp-block-column is-layout-flow wp-block-column-is-layout-flow\">\n<h4 class=\"wp-block-heading\">Cyber et Fraude<\/h4>\n\n\n\n<p>Les assurancesCyber et Fraude: la premi\u00e8re couvre l&rsquo;entreprise pour <strong>tous les risques li\u00e9s aux syst\u00e8mes d\u2019information notamment les cyberattaques<\/strong> telles que : le piratage de ses syst\u00e8mes, les virus et trojans, les ransomwares ou autres, la seconde <strong>prot\u00e8ge les entreprises contre le risque de fraude<\/strong> externe (arnaque au faux Pr\u00e9sident, au faux fournisseur), fraude interne (d\u00e9tournement de fonds par un salari\u00e9).<\/p>\n\n\n\n<p class=\"has-text-align-center\"><\/p>\n\n\n\n<p class=\"has-text-align-center\"><a class=\"btn btn-primary\" href=\"https:\/\/www.enrsur.com\/en\/contacter-enrsur\/\">Contact us<\/a><\/p>\n<\/div>\n<\/div>","protected":false},"excerpt":{"rendered":"<p>We offer a wide range of products targeting construction, operation, manufacturers, and maintenance\/operating companies in the field of renewables. <\/p>","protected":false},"author":1,"featured_media":0,"parent":0,"menu_order":0,"comment_status":"closed","ping_status":"closed","template":"page-produits.php","meta":{"_acf_changed":false,"footnotes":""},"class_list":["post-248","page","type-page","status-publish","hentry"],"acf":[],"_links":{"self":[{"href":"https:\/\/www.enrsur.com\/en\/wp-json\/wp\/v2\/pages\/248","targetHints":{"allow":["GET"]}}],"collection":[{"href":"https:\/\/www.enrsur.com\/en\/wp-json\/wp\/v2\/pages"}],"about":[{"href":"https:\/\/www.enrsur.com\/en\/wp-json\/wp\/v2\/types\/page"}],"author":[{"embeddable":true,"href":"https:\/\/www.enrsur.com\/en\/wp-json\/wp\/v2\/users\/1"}],"replies":[{"embeddable":true,"href":"https:\/\/www.enrsur.com\/en\/wp-json\/wp\/v2\/comments?post=248"}],"version-history":[{"count":19,"href":"https:\/\/www.enrsur.com\/en\/wp-json\/wp\/v2\/pages\/248\/revisions"}],"predecessor-version":[{"id":345,"href":"https:\/\/www.enrsur.com\/en\/wp-json\/wp\/v2\/pages\/248\/revisions\/345"}],"wp:attachment":[{"href":"https:\/\/www.enrsur.com\/en\/wp-json\/wp\/v2\/media?parent=248"}],"curies":[{"name":"wp","href":"https:\/\/api.w.org\/{rel}","templated":true}]}}