{"id":11,"date":"2022-06-29T17:32:34","date_gmt":"2022-06-29T17:32:34","guid":{"rendered":"https:\/\/www.enrsur.com\/?page_id=11"},"modified":"2022-09-15T12:22:34","modified_gmt":"2022-09-15T12:22:34","slug":"nos-offres-d-assurances","status":"publish","type":"page","link":"https:\/\/www.enrsur.com\/en\/nos-offres-d-assurances\/","title":{"rendered":"Our solutions"},"content":{"rendered":"<div class=\"wp-block-columns is-layout-flex wp-container-core-columns-is-layout-9d6595d7 wp-block-columns-is-layout-flex\">\n<div class=\"wp-block-column is-layout-flow wp-block-column-is-layout-flow\">\n<h2 class=\"wp-block-heading\">Brokerage<\/h2>\n\n\n\n<p>Nos services de courtage d\u2019assurance couvrent&nbsp;:<\/p>\n\n\n\n<ul class=\"wp-block-list\"><li>Needs analysis<\/li><li>Risk analysis<\/li><li>The search for solutions customised to your needs, negotiated at the best quality\/price ratio<\/li><li>Negotiation and drafting of insurance contracts<\/li><li>Assistance with all administrative procedures<\/li><li>Consultancy\/advice<\/li><li>Assistance with claims management and defence of your interests<\/li><\/ul>\n<\/div>\n<\/div>\n\n\n\n<div class=\"wp-block-columns is-layout-flex wp-container-core-columns-is-layout-9d6595d7 wp-block-columns-is-layout-flex\">\n<div class=\"wp-block-column is-layout-flow wp-block-column-is-layout-flow\">\n<h2 class=\"wp-block-heading\">M\u00e9thodologie<\/h2>\n\n\n\n<p>Nos services incluent :<\/p>\n\n\n\n<div class=\"wp-block-columns is-layout-flex wp-container-core-columns-is-layout-9d6595d7 wp-block-columns-is-layout-flex\">\n<div class=\"wp-block-column is-layout-flow wp-block-column-is-layout-flow\">\n<figure class=\"wp-block-image size-full portrait\"><img loading=\"lazy\" decoding=\"async\" width=\"800\" height=\"800\" src=\"https:\/\/www.enrsur.com\/wp-content\/uploads\/2022\/07\/Phase1-Analyse.png\" alt=\"\" class=\"wp-image-223\" title=\"\" srcset=\"https:\/\/www.enrsur.com\/wp-content\/uploads\/2022\/07\/Phase1-Analyse.png 800w, https:\/\/www.enrsur.com\/wp-content\/uploads\/2022\/07\/Phase1-Analyse-300x300.png 300w, https:\/\/www.enrsur.com\/wp-content\/uploads\/2022\/07\/Phase1-Analyse-150x150.png 150w, https:\/\/www.enrsur.com\/wp-content\/uploads\/2022\/07\/Phase1-Analyse-768x768.png 768w\" sizes=\"auto, (max-width: 800px) 100vw, 800px\" \/><\/figure>\n<\/div>\n\n\n\n<div class=\"wp-block-column is-layout-flow wp-block-column-is-layout-flow\">\n<h3 class=\"wp-block-heading\">1. Phase pr\u00e9liminaire <\/h3>\n\n\n\n<ul class=\"wp-block-list\"><li>Analyse et conseils<\/li><li>Risk analysis<\/li><li>Information sur l&rsquo;\u00e9tat du march\u00e9 de l&rsquo;assurance<\/li><li>Assistance dans la constitution du dossier technique d&rsquo;analyse des risques<\/li><\/ul>\n<\/div>\n<\/div>\n<\/div>\n<\/div>\n\n\n\n<div style=\"height:100px\" aria-hidden=\"true\" class=\"wp-block-spacer\"><\/div>\n\n\n\n<div class=\"wp-block-columns is-layout-flex wp-container-core-columns-is-layout-9d6595d7 wp-block-columns-is-layout-flex\">\n<div class=\"wp-block-column is-layout-flow wp-block-column-is-layout-flow\">\n<div class=\"wp-block-columns is-layout-flex wp-container-core-columns-is-layout-9d6595d7 wp-block-columns-is-layout-flex\">\n<div class=\"wp-block-column is-layout-flow wp-block-column-is-layout-flow\">\n<h3 class=\"wp-block-heading\">2. Placement<\/h3>\n\n\n\n<ul class=\"wp-block-list\"><li>Consultation de march\u00e9 de l&rsquo;assurance et la r\u00e9assurance<\/li><li>Analyse des offres<\/li><li>\u00c9tablissement de synth\u00e8se comparative des offres<\/li><li>N\u00e9gociations suppl\u00e9mentaires avec les compagnies pressenties<\/li><\/ul>\n<\/div>\n\n\n\n<div class=\"wp-block-column order-first order-md-last is-layout-flow wp-block-column-is-layout-flow\">\n<figure class=\"wp-block-image size-full portrait\"><img loading=\"lazy\" decoding=\"async\" width=\"680\" height=\"800\" src=\"https:\/\/www.enrsur.com\/wp-content\/uploads\/2022\/07\/Phase2-Placement.png\" alt=\"\" class=\"wp-image-224\" srcset=\"https:\/\/www.enrsur.com\/wp-content\/uploads\/2022\/07\/Phase2-Placement.png 680w, https:\/\/www.enrsur.com\/wp-content\/uploads\/2022\/07\/Phase2-Placement-255x300.png 255w\" sizes=\"auto, (max-width: 680px) 100vw, 680px\" \/><\/figure>\n<\/div>\n<\/div>\n<\/div>\n<\/div>\n\n\n\n<div style=\"height:100px\" aria-hidden=\"true\" class=\"wp-block-spacer\"><\/div>\n\n\n\n<div class=\"wp-block-columns is-layout-flex wp-container-core-columns-is-layout-9d6595d7 wp-block-columns-is-layout-flex\">\n<div class=\"wp-block-column order-sm-first is-layout-flow wp-block-column-is-layout-flow\">\n<figure class=\"wp-block-image size-full portrait\"><img loading=\"lazy\" decoding=\"async\" width=\"669\" height=\"800\" src=\"https:\/\/www.enrsur.com\/wp-content\/uploads\/2022\/07\/Phase3-Conseil.png\" alt=\"\" class=\"wp-image-225\" srcset=\"https:\/\/www.enrsur.com\/wp-content\/uploads\/2022\/07\/Phase3-Conseil.png 669w, https:\/\/www.enrsur.com\/wp-content\/uploads\/2022\/07\/Phase3-Conseil-251x300.png 251w\" sizes=\"auto, (max-width: 669px) 100vw, 669px\" \/><\/figure>\n<\/div>\n\n\n\n<div class=\"wp-block-column  order-sm-last is-layout-flow wp-block-column-is-layout-flow\">\n<h3 class=\"wp-block-heading\">3. Conseil <\/h3>\n\n\n\n<ul class=\"wp-block-list\"><li>Analyse et conseils<\/li><li>Risk analysis<\/li><li>Information sur l&rsquo;\u00e9tat du march\u00e9 de l&rsquo;assurance<\/li><li>Assistance dans la constitution du dossier technique d&rsquo;analyse des risques<\/li><\/ul>\n<\/div>\n<\/div>\n\n\n\n<div style=\"height:100px\" aria-hidden=\"true\" class=\"wp-block-spacer\"><\/div>\n\n\n\n<div class=\"wp-block-columns is-layout-flex wp-container-core-columns-is-layout-9d6595d7 wp-block-columns-is-layout-flex\">\n<div class=\"wp-block-column is-layout-flow wp-block-column-is-layout-flow\">\n<div class=\"wp-block-columns is-layout-flex wp-container-core-columns-is-layout-9d6595d7 wp-block-columns-is-layout-flex\">\n<div class=\"wp-block-column order-md-fisrt order-sm-last is-layout-flow wp-block-column-is-layout-flow\">\n<h3 class=\"wp-block-heading\">4. Gestion des sinistres<\/h3>\n\n\n\n<ul class=\"wp-block-list\"><li>V\u00e9rification de la conformit\u00e9 avec la l\u00e9gislation<\/li><li>Conseils et assistance dans la d\u00e9claration et l&rsquo;\u00e9valuation des sinistres<\/li><li>Suivi et contr\u00f4les des proc\u00e9dures d\u2019indemnisation des sinistres<\/li><\/ul>\n<\/div>\n\n\n\n<div class=\"wp-block-column order-sm-fisrt order-md-last is-layout-flow wp-block-column-is-layout-flow\">\n<figure class=\"wp-block-image size-full portrait\"><img loading=\"lazy\" decoding=\"async\" width=\"734\" height=\"800\" src=\"https:\/\/www.enrsur.com\/wp-content\/uploads\/2022\/07\/phase4-gestion-sinistres.png\" alt=\"\" class=\"wp-image-226\" srcset=\"https:\/\/www.enrsur.com\/wp-content\/uploads\/2022\/07\/phase4-gestion-sinistres.png 734w, https:\/\/www.enrsur.com\/wp-content\/uploads\/2022\/07\/phase4-gestion-sinistres-275x300.png 275w\" sizes=\"auto, (max-width: 734px) 100vw, 734px\" \/><\/figure>\n<\/div>\n<\/div>\n<\/div>\n<\/div>\n\n\n\n<div style=\"height:100px\" aria-hidden=\"true\" class=\"wp-block-spacer\"><\/div>\n\n\n\n<div class=\"wp-block-columns is-layout-flex wp-container-core-columns-is-layout-9d6595d7 wp-block-columns-is-layout-flex\">\n<div class=\"wp-block-column is-layout-flow wp-block-column-is-layout-flow\">\n<figure class=\"wp-block-image size-full portrait\"><img loading=\"lazy\" decoding=\"async\" width=\"443\" height=\"800\" src=\"https:\/\/www.enrsur.com\/wp-content\/uploads\/2022\/07\/Phase5-Analytics.png\" alt=\"\" class=\"wp-image-227\" srcset=\"https:\/\/www.enrsur.com\/wp-content\/uploads\/2022\/07\/Phase5-Analytics.png 443w, https:\/\/www.enrsur.com\/wp-content\/uploads\/2022\/07\/Phase5-Analytics-166x300.png 166w\" sizes=\"auto, (max-width: 443px) 100vw, 443px\" \/><\/figure>\n<\/div>\n\n\n\n<div class=\"wp-block-column is-layout-flow wp-block-column-is-layout-flow\">\n<h3 class=\"wp-block-heading\">5. Reporting <\/h3>\n\n\n\n<ul class=\"wp-block-list\"><li>Cr\u00e9ation de base de donn\u00e9es selon les besoins des clients et concernant : <ul><li>La modification et l&rsquo;adaptation des polices<\/li><li>L&rsquo;\u00e9volution des primes<\/li><li>L&rsquo;\u00e9volution des sinistres<\/li><\/ul><\/li><\/ul>\n<\/div>\n<\/div>\n\n\n\n<div style=\"height:40px\" aria-hidden=\"true\" class=\"wp-block-spacer\"><\/div>\n\n\n\n<div class=\"wp-block-columns are-vertically-aligned-center is-layout-flex wp-container-core-columns-is-layout-9d6595d7 wp-block-columns-is-layout-flex\">\n<div class=\"wp-block-column is-vertically-aligned-center text-center text-light is-layout-flow wp-block-column-is-layout-flow\">\n<p class=\"has-text-align-center\"><a class=\"btn btn-primary\" href=\"https:\/\/www.enrsur.com\/en\/produits-dassurance\/\" data-type=\"page\" data-id=\"248\">Our products<\/a><\/p>\n<\/div>\n<\/div>","protected":false},"excerpt":{"rendered":"<p>Designed for players in the field of renewables<\/p>","protected":false},"author":1,"featured_media":0,"parent":0,"menu_order":0,"comment_status":"closed","ping_status":"closed","template":"page-offres.php","meta":{"_acf_changed":false,"footnotes":""},"class_list":["post-11","page","type-page","status-publish","hentry"],"acf":[],"_links":{"self":[{"href":"https:\/\/www.enrsur.com\/en\/wp-json\/wp\/v2\/pages\/11","targetHints":{"allow":["GET"]}}],"collection":[{"href":"https:\/\/www.enrsur.com\/en\/wp-json\/wp\/v2\/pages"}],"about":[{"href":"https:\/\/www.enrsur.com\/en\/wp-json\/wp\/v2\/types\/page"}],"author":[{"embeddable":true,"href":"https:\/\/www.enrsur.com\/en\/wp-json\/wp\/v2\/users\/1"}],"replies":[{"embeddable":true,"href":"https:\/\/www.enrsur.com\/en\/wp-json\/wp\/v2\/comments?post=11"}],"version-history":[{"count":52,"href":"https:\/\/www.enrsur.com\/en\/wp-json\/wp\/v2\/pages\/11\/revisions"}],"predecessor-version":[{"id":332,"href":"https:\/\/www.enrsur.com\/en\/wp-json\/wp\/v2\/pages\/11\/revisions\/332"}],"wp:attachment":[{"href":"https:\/\/www.enrsur.com\/en\/wp-json\/wp\/v2\/media?parent=11"}],"curies":[{"name":"wp","href":"https:\/\/api.w.org\/{rel}","templated":true}]}}